{"id":406,"date":"2020-05-07T17:41:28","date_gmt":"2020-05-07T15:41:28","guid":{"rendered":"http:\/\/bienveillance-active.com\/?page_id=406"},"modified":"2020-05-15T15:53:09","modified_gmt":"2020-05-15T13:53:09","slug":"formations","status":"publish","type":"page","link":"https:\/\/bienveillance-active.com\/index.php\/formations\/","title":{"rendered":"FORMATIONS"},"content":{"rendered":"<p>[et_pb_section fb_built=\u00a0\u00bb1&Prime; admin_label=\u00a0\u00bbCall to Action\u00a0\u00bb _builder_version=\u00a0\u00bb4.4.2&Prime; background_image=\u00a0\u00bbhttps:\/\/bienveillance-active.com\/wp-content\/uploads\/2020\/05\/formation.jpg\u00a0\u00bb background_position=\u00a0\u00bbtop_center\u00a0\u00bb min_height=\u00a0\u00bb659px\u00a0\u00bb overflow-x=\u00a0\u00bbhidden\u00a0\u00bb overflow-y=\u00a0\u00bbhidden\u00a0\u00bb animation_style=\u00a0\u00bbfade\u00a0\u00bb animation_starting_opacity=\u00a0\u00bb100%\u00a0\u00bb box_shadow_style=\u00a0\u00bbpreset1&Prime; box_shadow_spread=\u00a0\u00bb16px\u00a0\u00bb][et_pb_row _builder_version=\u00a0\u00bb3.26.5&Prime; max_width=\u00a0\u00bb840px\u00a0\u00bb custom_padding=\u00a0\u00bb140px||140px||true|false\u00a0\u00bb][et_pb_column type=\u00a0\u00bb4_4&Prime; _builder_version=\u00a0\u00bb3.26.5&Prime;][et_pb_text _builder_version=\u00a0\u00bb4.4.2&Prime; header_2_font=\u00a0\u00bb|700|||||||\u00a0\u00bb header_2_text_color=\u00a0\u00bb#FFFFFF\u00a0\u00bb header_2_font_size=\u00a0\u00bb70px\u00a0\u00bb header_2_letter_spacing=\u00a0\u00bb3px\u00a0\u00bb header_2_line_height=\u00a0\u00bb1.2em\u00a0\u00bb transform_scale=\u00a0\u00bb130%|130%\u00a0\u00bb transform_scale_tablet=\u00a0\u00bb100%|100%\u00a0\u00bb transform_scale_phone=\u00a0\u00bb\u00a0\u00bb transform_scale_last_edited=\u00a0\u00bbon|desktop\u00a0\u00bb transform_translate_tablet=\u00a0\u00bb\u00a0\u00bb transform_translate_phone=\u00a0\u00bb\u00a0\u00bb transform_translate_last_edited=\u00a0\u00bbon|desktop\u00a0\u00bb transform_rotate_tablet=\u00a0\u00bb\u00a0\u00bb transform_rotate_phone=\u00a0\u00bb\u00a0\u00bb transform_rotate_last_edited=\u00a0\u00bbon|desktop\u00a0\u00bb transform_skew_tablet=\u00a0\u00bb\u00a0\u00bb transform_skew_phone=\u00a0\u00bb\u00a0\u00bb transform_skew_last_edited=\u00a0\u00bbon|desktop\u00a0\u00bb transform_origin=\u00a0\u00bb0%|50%\u00a0\u00bb transform_origin_tablet=\u00a0\u00bb\u00a0\u00bb transform_origin_phone=\u00a0\u00bb\u00a0\u00bb transform_origin_last_edited=\u00a0\u00bbon|desktop\u00a0\u00bb transform_styles_last_edited=\u00a0\u00bbon|desktop\u00a0\u00bb max_width=\u00a0\u00bb800px\u00a0\u00bb custom_margin=\u00a0\u00bb|||-110px|false|false\u00a0\u00bb custom_margin_tablet=\u00a0\u00bb|||0px|false|false\u00a0\u00bb custom_margin_phone=\u00a0\u00bb\u00a0\u00bb custom_margin_last_edited=\u00a0\u00bbon|desktop\u00a0\u00bb animation_style=\u00a0\u00bbslide\u00a0\u00bb animation_direction=\u00a0\u00bbleft\u00a0\u00bb animation_intensity_slide=\u00a0\u00bb5%\u00a0\u00bb hover_enabled=\u00a0\u00bb0&Prime; header_2_font_size_tablet=\u00a0\u00bb50px\u00a0\u00bb header_2_font_size_phone=\u00a0\u00bb50px\u00a0\u00bb header_2_font_size_last_edited=\u00a0\u00bbon|phone\u00a0\u00bb header_2_letter_spacing_tablet=\u00a0\u00bb1px\u00a0\u00bb header_2_letter_spacing_phone=\u00a0\u00bb0px\u00a0\u00bb header_2_letter_spacing_last_edited=\u00a0\u00bbon|desktop\u00a0\u00bb transform_styles_tablet=\u00a0\u00bb\u00a0\u00bb transform_styles_phone=\u00a0\u00bb\u00a0\u00bb header_2_text_shadow_style=\u00a0\u00bbpreset1&Prime; header_2_text_shadow_vertical_length=\u00a0\u00bb0.39em\u00a0\u00bb header_2_text_shadow_blur_strength=\u00a0\u00bb0.65em\u00a0\u00bb header_2_text_shadow_color=\u00a0\u00bbrgba(163,51,29,0.37)\u00a0\u00bb locked=\u00a0\u00bboff\u00a0\u00bb text_text_align_tablet=\u00a0\u00bbcenter\u00a0\u00bb text_text_align_last_edited=\u00a0\u00bbon|desktop\u00a0\u00bb]<\/p>\n<h2 style=\"text-align: center;\">FORMATIONS<\/h2>\n<p>[\/et_pb_text][\/et_pb_column][\/et_pb_row][\/et_pb_section][et_pb_section fb_built=\u00a0\u00bb1&Prime; admin_label=\u00a0\u00bbsection\u00a0\u00bb _builder_version=\u00a0\u00bb4.4.2&Prime; use_background_color_gradient=\u00a0\u00bbon\u00a0\u00bb background_color_gradient_start=\u00a0\u00bb#ffffff\u00a0\u00bb background_color_gradient_end=\u00a0\u00bb#F8E893&Prime; custom_padding=\u00a0\u00bb||0px||false|false\u00a0\u00bb][et_pb_row column_structure=\u00a0\u00bb1_2,1_2&Prime; use_custom_gutter=\u00a0\u00bbon\u00a0\u00bb gutter_width=\u00a0\u00bb2&Prime; make_equal=\u00a0\u00bbon\u00a0\u00bb _builder_version=\u00a0\u00bb4.4.2&Prime; custom_padding=\u00a0\u00bb50px|||||\u00a0\u00bb][et_pb_column type=\u00a0\u00bb1_2&Prime; _builder_version=\u00a0\u00bb4.4.2&Prime; background_image=\u00a0\u00bbhttps:\/\/bienveillance-active.com\/wp-content\/uploads\/2020\/03\/aroma.jpg\u00a0\u00bb border_radii=\u00a0\u00bbon|1096px|1096px|1096px|1096px\u00a0\u00bb][et_pb_divider show_divider=\u00a0\u00bboff\u00a0\u00bb _builder_version=\u00a0\u00bb4.4.2&Prime;][\/et_pb_divider][et_pb_text _builder_version=\u00a0\u00bb4.4.2&Prime; text_text_color=\u00a0\u00bb#FFFFFF\u00a0\u00bb header_2_font=\u00a0\u00bb|700|||||||\u00a0\u00bb header_2_text_color=\u00a0\u00bb#FFFFFF\u00a0\u00bb header_2_font_size=\u00a0\u00bb28px\u00a0\u00bb background_color=\u00a0\u00bbrgba(0,0,0,0.37)\u00a0\u00bb custom_margin=\u00a0\u00bb-25px||||false|false\u00a0\u00bb custom_padding=\u00a0\u00bb94px|26px|94px|26px|true|true\u00a0\u00bb scroll_horizontal_motion_enable=\u00a0\u00bbon\u00a0\u00bb scroll_horizontal_motion=\u00a0\u00bb0|30|30|80|4|0|0&Prime; content__hover_enabled=\u00a0\u00bboff|desktop\u00a0\u00bb content__hover=\u00a0\u00bb<\/p>\n<h2><\/h2>\n<h2><\/h2>\n<h2><\/h2>\n<h2><\/h2>\n<h2><\/h2>\n<h2><\/h2>\n<h2><\/h2>\n<h2><\/h2>\n<p>&nbsp;<\/p>\n<h2>Entreprises :<\/h2>\n<p>Le bien-\u00eatre en entreprise est une d\u00e9marche d&rsquo;investissement positif qui repose sur une d\u00e9marche gagnant \/ gagnant .<\/p>\n<p>&nbsp;<\/p>\n<p>&nbsp;<\/p>\n<p>&nbsp;<\/p>\n<p>\u00ab\u00a0]<\/p>\n<h2 style=\"text-align: center;\"><\/h2>\n<h2 style=\"text-align: center;\"><\/h2>\n<h2 style=\"text-align: center;\">AROMATH\u00c9RAPIE<\/h2>\n<p>&nbsp;<\/p>\n<p>&nbsp;<\/p>\n<p>&nbsp;<\/p>\n<p>[\/et_pb_text][et_pb_button button_url=\u00a0\u00bbhttps:\/\/bienveillance-active.com\/index.php\/formation-en-aromatherapie\/\u00a0\u00bb button_text=\u00a0\u00bbFORMEZ VOUS\u00a0\u00bb button_alignment=\u00a0\u00bbcenter\u00a0\u00bb _builder_version=\u00a0\u00bb4.4.2&Prime; custom_button=\u00a0\u00bbon\u00a0\u00bb button_text_size=\u00a0\u00bb18px\u00a0\u00bb button_text_color=\u00a0\u00bb#FFFFFF\u00a0\u00bb custom_margin=\u00a0\u00bb-176px||||false|false\u00a0\u00bb scroll_vertical_motion_enable=\u00a0\u00bbon\u00a0\u00bb scroll_vertical_motion=\u00a0\u00bb0|30|30|70|4|0|0&Prime; motion_trigger_start=\u00a0\u00bbtop\u00a0\u00bb button_text_color__hover_enabled=\u00a0\u00bboff|hover\u00a0\u00bb][\/et_pb_button][et_pb_divider show_divider=\u00a0\u00bboff\u00a0\u00bb _builder_version=\u00a0\u00bb4.4.2&Prime;][\/et_pb_divider][\/et_pb_column][et_pb_column type=\u00a0\u00bb1_2&Prime; _builder_version=\u00a0\u00bb4.4.2&Prime; background_image=\u00a0\u00bbhttps:\/\/bienveillance-active.com\/wp-content\/uploads\/2020\/03\/soinsEnergetiques-1.jpg\u00a0\u00bb background_position=\u00a0\u00bbbottom_center\u00a0\u00bb border_radii=\u00a0\u00bbon|1096px|1096px|1096px|1096px\u00a0\u00bb][et_pb_divider show_divider=\u00a0\u00bboff\u00a0\u00bb _builder_version=\u00a0\u00bb4.4.2&Prime;][\/et_pb_divider][et_pb_button button_url=\u00a0\u00bbhttps:\/\/bienveillance-active.com\/index.php\/22-2\/\u00a0\u00bb button_text=\u00a0\u00bbRESPIREZ\u00a0\u00bb button_alignment=\u00a0\u00bbcenter\u00a0\u00bb _builder_version=\u00a0\u00bb4.4.2&Prime; custom_button=\u00a0\u00bbon\u00a0\u00bb button_text_size=\u00a0\u00bb18px\u00a0\u00bb button_text_color=\u00a0\u00bb#FFFFFF\u00a0\u00bb custom_margin=\u00a0\u00bb-160px||||false|false\u00a0\u00bb scroll_vertical_motion_enable=\u00a0\u00bbon\u00a0\u00bb scroll_vertical_motion=\u00a0\u00bb0|50|50|100|4|0|0&Prime; motion_trigger_start=\u00a0\u00bbtop\u00a0\u00bb button_text_color__hover_enabled=\u00a0\u00bboff|hover\u00a0\u00bb][\/et_pb_button][et_pb_divider show_divider=\u00a0\u00bboff\u00a0\u00bb _builder_version=\u00a0\u00bb4.4.2&Prime;][\/et_pb_divider][et_pb_divider show_divider=\u00a0\u00bboff\u00a0\u00bb _builder_version=\u00a0\u00bb4.4.2&Prime;][\/et_pb_divider][et_pb_text _builder_version=\u00a0\u00bb4.4.2&Prime; text_text_color=\u00a0\u00bb#FFFFFF\u00a0\u00bb header_2_font=\u00a0\u00bb|700|||||||\u00a0\u00bb header_2_text_color=\u00a0\u00bb#FFFFFF\u00a0\u00bb header_2_font_size=\u00a0\u00bb28px\u00a0\u00bb background_color=\u00a0\u00bbrgba(0,0,0,0.37)\u00a0\u00bb custom_margin=\u00a0\u00bb-25px||||false|false\u00a0\u00bb custom_padding=\u00a0\u00bb152px|26px|125px|26px|false|true\u00a0\u00bb scroll_horizontal_motion_enable=\u00a0\u00bbon\u00a0\u00bb scroll_horizontal_motion=\u00a0\u00bb0|30|30|80|4|0|0&Prime; content__hover_enabled=\u00a0\u00bboff|desktop\u00a0\u00bb content__hover=\u00a0\u00bb<\/p>\n<h2><\/h2>\n<h2><\/h2>\n<h2><\/h2>\n<h2><\/h2>\n<h2><\/h2>\n<h2><\/h2>\n<h2><\/h2>\n<h2><\/h2>\n<p>&nbsp;<\/p>\n<h2>Entreprises :<\/h2>\n<p>Le bien-\u00eatre en entreprise est une d\u00e9marche d&rsquo;investissement positif qui repose sur une d\u00e9marche gagnant \/ gagnant .<\/p>\n<p>&nbsp;<\/p>\n<p>&nbsp;<\/p>\n<p>&nbsp;<\/p>\n<p>\u00ab\u00a0]<\/p>\n<h2 style=\"text-align: center;\"><\/h2>\n<h2 style=\"text-align: center;\"><\/h2>\n<h2 style=\"text-align: center;\">SOINS \u00c9NERG\u00c9TIQUES<\/h2>\n<p>&nbsp;<\/p>\n<p>&nbsp;<\/p>\n<p>&nbsp;<\/p>\n<p>[\/et_pb_text][et_pb_button button_url=\u00a0\u00bbhttps:\/\/bienveillance-active.com\/index.php\/soins-energetiques\/\u00a0\u00bb button_text=\u00a0\u00bbFORMEZ VOUS\u00a0\u00bb button_alignment=\u00a0\u00bbcenter\u00a0\u00bb _builder_version=\u00a0\u00bb4.4.2&Prime; custom_button=\u00a0\u00bbon\u00a0\u00bb button_text_size=\u00a0\u00bb18px\u00a0\u00bb button_text_color=\u00a0\u00bb#FFFFFF\u00a0\u00bb custom_margin=\u00a0\u00bb-208px||||false|false\u00a0\u00bb scroll_vertical_motion_enable=\u00a0\u00bbon\u00a0\u00bb scroll_vertical_motion=\u00a0\u00bb0|30|30|70|4|0|0&Prime; motion_trigger_start=\u00a0\u00bbtop\u00a0\u00bb button_text_color__hover_enabled=\u00a0\u00bboff|hover\u00a0\u00bb][\/et_pb_button][et_pb_divider show_divider=\u00a0\u00bboff\u00a0\u00bb _builder_version=\u00a0\u00bb4.4.2&Prime;][\/et_pb_divider][\/et_pb_column][\/et_pb_row][et_pb_row _builder_version=\u00a0\u00bb4.4.2&Prime; custom_padding=\u00a0\u00bb||50px|||\u00a0\u00bb][et_pb_column type=\u00a0\u00bb4_4&Prime; _builder_version=\u00a0\u00bb4.4.2&Prime;][et_pb_divider show_divider=\u00a0\u00bboff\u00a0\u00bb _builder_version=\u00a0\u00bb4.4.2&Prime;][\/et_pb_divider][\/et_pb_column][\/et_pb_row][\/et_pb_section]<\/p>\n","protected":false},"excerpt":{"rendered":"<p>FORMATIONS AROMATH\u00c9RAPIE &nbsp; &nbsp; &nbsp; SOINS \u00c9NERG\u00c9TIQUES &nbsp; &nbsp; &nbsp;<\/p>\n","protected":false},"author":1,"featured_media":0,"parent":0,"menu_order":0,"comment_status":"closed","ping_status":"closed","template":"","meta":{"_et_pb_use_builder":"on","_et_pb_old_content":"","_et_gb_content_width":"","footnotes":""},"class_list":["post-406","page","type-page","status-publish","hentry"],"_links":{"self":[{"href":"https:\/\/bienveillance-active.com\/index.php\/wp-json\/wp\/v2\/pages\/406"}],"collection":[{"href":"https:\/\/bienveillance-active.com\/index.php\/wp-json\/wp\/v2\/pages"}],"about":[{"href":"https:\/\/bienveillance-active.com\/index.php\/wp-json\/wp\/v2\/types\/page"}],"author":[{"embeddable":true,"href":"https:\/\/bienveillance-active.com\/index.php\/wp-json\/wp\/v2\/users\/1"}],"replies":[{"embeddable":true,"href":"https:\/\/bienveillance-active.com\/index.php\/wp-json\/wp\/v2\/comments?post=406"}],"version-history":[{"count":18,"href":"https:\/\/bienveillance-active.com\/index.php\/wp-json\/wp\/v2\/pages\/406\/revisions"}],"predecessor-version":[{"id":1111,"href":"https:\/\/bienveillance-active.com\/index.php\/wp-json\/wp\/v2\/pages\/406\/revisions\/1111"}],"wp:attachment":[{"href":"https:\/\/bienveillance-active.com\/index.php\/wp-json\/wp\/v2\/media?parent=406"}],"curies":[{"name":"wp","href":"https:\/\/api.w.org\/{rel}","templated":true}]}}