{"id":36,"date":"2020-01-15T15:35:28","date_gmt":"2020-01-15T14:35:28","guid":{"rendered":"http:\/\/bienveillance-active.com\/?page_id=36"},"modified":"2022-10-06T10:28:40","modified_gmt":"2022-10-06T08:28:40","slug":"soins-energetiques","status":"publish","type":"page","link":"https:\/\/bienveillance-active.com\/index.php\/soins-energetiques\/","title":{"rendered":"SOINS ENERGETIQUES"},"content":{"rendered":"<p>[et_pb_section fb_built=\u00a0\u00bb1&Prime; admin_label=\u00a0\u00bbCall to Action\u00a0\u00bb _builder_version=\u00a0\u00bb4.16&Prime; background_image=\u00a0\u00bbhttps:\/\/bienveillance-active.com\/wp-content\/uploads\/2020\/03\/soinsEnergetiques-1.jpg\u00a0\u00bb overflow-x=\u00a0\u00bbhidden\u00a0\u00bb overflow-y=\u00a0\u00bbhidden\u00a0\u00bb animation_style=\u00a0\u00bbfade\u00a0\u00bb animation_starting_opacity=\u00a0\u00bb100%\u00a0\u00bb box_shadow_style=\u00a0\u00bbpreset1&Prime; box_shadow_spread=\u00a0\u00bb16px\u00a0\u00bb global_colors_info=\u00a0\u00bb{}\u00a0\u00bb][et_pb_row _builder_version=\u00a0\u00bb4.16&Prime; max_width=\u00a0\u00bb840px\u00a0\u00bb custom_padding=\u00a0\u00bb200px||200px||true|false\u00a0\u00bb global_colors_info=\u00a0\u00bb{}\u00a0\u00bb][et_pb_column type=\u00a0\u00bb4_4&Prime; _builder_version=\u00a0\u00bb4.16&Prime; global_colors_info=\u00a0\u00bb{}\u00a0\u00bb][et_pb_text _builder_version=\u00a0\u00bb4.16&Prime; header_2_font=\u00a0\u00bb|700|||||||\u00a0\u00bb header_2_text_color=\u00a0\u00bb#FFFFFF\u00a0\u00bb header_2_font_size=\u00a0\u00bb65px\u00a0\u00bb header_2_letter_spacing=\u00a0\u00bb3px\u00a0\u00bb header_2_line_height=\u00a0\u00bb1.2em\u00a0\u00bb transform_scale=\u00a0\u00bb130%|130%\u00a0\u00bb transform_scale_tablet=\u00a0\u00bb100%|100%\u00a0\u00bb transform_scale_phone=\u00a0\u00bb\u00a0\u00bb transform_scale_last_edited=\u00a0\u00bbon|desktop\u00a0\u00bb transform_translate_tablet=\u00a0\u00bb\u00a0\u00bb transform_translate_phone=\u00a0\u00bb\u00a0\u00bb transform_translate_last_edited=\u00a0\u00bbon|desktop\u00a0\u00bb transform_rotate_tablet=\u00a0\u00bb\u00a0\u00bb transform_rotate_phone=\u00a0\u00bb\u00a0\u00bb transform_rotate_last_edited=\u00a0\u00bbon|desktop\u00a0\u00bb transform_skew_tablet=\u00a0\u00bb\u00a0\u00bb transform_skew_phone=\u00a0\u00bb\u00a0\u00bb transform_skew_last_edited=\u00a0\u00bbon|desktop\u00a0\u00bb transform_origin=\u00a0\u00bb0%|50%\u00a0\u00bb transform_origin_tablet=\u00a0\u00bb\u00a0\u00bb transform_origin_phone=\u00a0\u00bb\u00a0\u00bb transform_origin_last_edited=\u00a0\u00bbon|desktop\u00a0\u00bb transform_styles_last_edited=\u00a0\u00bbon|desktop\u00a0\u00bb max_width=\u00a0\u00bb800px\u00a0\u00bb custom_margin=\u00a0\u00bb|||-110px|false|false\u00a0\u00bb custom_margin_tablet=\u00a0\u00bb|||0px|false|false\u00a0\u00bb custom_margin_phone=\u00a0\u00bb\u00a0\u00bb custom_margin_last_edited=\u00a0\u00bbon|desktop\u00a0\u00bb animation_style=\u00a0\u00bbslide\u00a0\u00bb animation_direction=\u00a0\u00bbleft\u00a0\u00bb animation_intensity_slide=\u00a0\u00bb5%\u00a0\u00bb header_2_font_size_tablet=\u00a0\u00bb50px\u00a0\u00bb header_2_font_size_phone=\u00a0\u00bb40px\u00a0\u00bb header_2_font_size_last_edited=\u00a0\u00bbon|phone\u00a0\u00bb header_2_letter_spacing_tablet=\u00a0\u00bb1px\u00a0\u00bb header_2_letter_spacing_phone=\u00a0\u00bb0px\u00a0\u00bb header_2_letter_spacing_last_edited=\u00a0\u00bbon|desktop\u00a0\u00bb transform_styles_tablet=\u00a0\u00bb\u00a0\u00bb transform_styles_phone=\u00a0\u00bb\u00a0\u00bb header_2_text_shadow_style=\u00a0\u00bbpreset1&Prime; header_2_text_shadow_vertical_length=\u00a0\u00bb0.39em\u00a0\u00bb header_2_text_shadow_blur_strength=\u00a0\u00bb0.65em\u00a0\u00bb header_2_text_shadow_color=\u00a0\u00bbrgba(163,51,29,0.37)\u00a0\u00bb locked=\u00a0\u00bboff\u00a0\u00bb global_colors_info=\u00a0\u00bb{}\u00a0\u00bb text_text_align_tablet=\u00a0\u00bbcenter\u00a0\u00bb text_text_align_last_edited=\u00a0\u00bbon|desktop\u00a0\u00bb text_text_align_phone=\u00a0\u00bbcenter\u00a0\u00bb]<\/p>\n<h2 style=\"text-align: center;\">SOINS \u00c9NERG\u00c9TIQUES<\/h2>\n<p>[\/et_pb_text][\/et_pb_column][\/et_pb_row][\/et_pb_section][et_pb_section fb_built=\u00a0\u00bb1&Prime; admin_label=\u00a0\u00bbsection\u00a0\u00bb _builder_version=\u00a0\u00bb4.16&Prime; use_background_color_gradient=\u00a0\u00bbon\u00a0\u00bb background_color_gradient_stops=\u00a0\u00bb#ffffff 0%|#F8E893 100%\u00a0\u00bb background_color_gradient_start=\u00a0\u00bb#ffffff\u00a0\u00bb background_color_gradient_end=\u00a0\u00bb#F8E893&Prime; custom_padding=\u00a0\u00bb||0px||false|false\u00a0\u00bb global_colors_info=\u00a0\u00bb{}\u00a0\u00bb][et_pb_row _builder_version=\u00a0\u00bb4.16&Prime; custom_padding=\u00a0\u00bb0px||||false|false\u00a0\u00bb global_colors_info=\u00a0\u00bb{}\u00a0\u00bb][et_pb_column type=\u00a0\u00bb4_4&Prime; _builder_version=\u00a0\u00bb4.16&Prime; global_colors_info=\u00a0\u00bb{}\u00a0\u00bb][et_pb_text _builder_version=\u00a0\u00bb4.18.0&Prime; text_font=\u00a0\u00bb||||||||\u00a0\u00bb text_text_color=\u00a0\u00bb#000000&Prime; text_font_size=\u00a0\u00bb15px\u00a0\u00bb header_text_color=\u00a0\u00bb#086C92&Prime; header_2_font=\u00a0\u00bbABeeZee|700|||||||\u00a0\u00bb header_2_text_color=\u00a0\u00bb#086c92&Prime; header_2_font_size=\u00a0\u00bb28px\u00a0\u00bb global_colors_info=\u00a0\u00bb{}\u00a0\u00bb][\/et_pb_text][et_pb_text _builder_version=\u00a0\u00bb4.18.0&Prime; text_font=\u00a0\u00bb||||||||\u00a0\u00bb text_text_color=\u00a0\u00bb#000000&Prime; text_font_size=\u00a0\u00bb15px\u00a0\u00bb header_text_color=\u00a0\u00bb#086C92&Prime; header_3_text_color=\u00a0\u00bb#086c92&Prime; text_orientation=\u00a0\u00bbcenter\u00a0\u00bb global_colors_info=\u00a0\u00bb{}\u00a0\u00bb]<\/p>\n<h3 style=\"text-align: left;\"><em><strong>Pourquoi un soin \u00e9nerg\u00e9tique ?<\/strong><\/em><\/h3>\n<p style=\"text-align: left;\">Pour mieux appr\u00e9hender les exp\u00e9riences de la vie, nous avons besoin d\u2019\u00e9nergie. Lorsque celle-ci est bloqu\u00e9e dans notre corps, nous sommes en d\u00e9saccord avec nos besoins fondamentaux.<\/p>\n<h3 style=\"text-align: left;\"><em><strong><\/strong><\/em><\/h3>\n<h3 style=\"text-align: left;\"><em><strong>L&rsquo;objectif du soin \u00e9nerg\u00e9tiqu<\/strong><strong>e :<\/strong><\/em><\/h3>\n<p style=\"text-align: left;\">R\u00e9tablir le processus d&rsquo;auto-gu\u00e9rison afin de retrouver l&rsquo;harmonie, le l\u00e2cher prise et l&rsquo;autonomie pour plus de s\u00e9r\u00e9nit\u00e9.<\/p>\n<p style=\"text-align: left;\"><em><strong><\/strong><\/em><\/p>\n<h3 style=\"text-align: left;\"><em><strong>les b\u00e9n\u00e9fices<\/strong>\u00a0<b>du soin \u00e9nerg\u00e9tique :<\/b><\/em><\/h3>\n<p style=\"text-align: left;\">\u2022 S&rsquo;engager dans l\u2019am\u00e9lioration de la relation \u00e0 soi.<br \/>\u2022 Renouer avec ses propres besoins afin de les satisfaire pleinement.<br \/>\u2022 D\u00e9velopper ses capacit\u00e9s et ses propres ressources.<br \/>\u2022 Maintenir son \u00e9nergie au quotidien<\/p>\n<h3 style=\"text-align: left;\"><strong><em><\/em><\/strong><\/h3>\n<h3 style=\"text-align: left;\"><strong><em>Les outils :<\/em><\/strong><\/h3>\n<ul>\n<li style=\"text-align: left;\">la respiration en conscience<\/li>\n<li style=\"text-align: left;\"><span>Les techniques \u00e9nerg\u00e9tiques au quotidien<\/span><\/li>\n<li style=\"text-align: left;\">la d\u00e9programmation cellulaire<\/li>\n<li style=\"text-align: left;\">la m\u00e9ditation<\/li>\n<\/ul>\n<p>&nbsp;<\/p>\n<p>[\/et_pb_text][\/et_pb_column][\/et_pb_row][\/et_pb_section][et_pb_section fb_built=\u00a0\u00bb1&Prime; admin_label=\u00a0\u00bbsection\u00a0\u00bb module_id=\u00a0\u00bbamd\u00a0\u00bb _builder_version=\u00a0\u00bb4.18.0&Prime; use_background_color_gradient=\u00a0\u00bbon\u00a0\u00bb background_color_gradient_stops=\u00a0\u00bb#f8e893 0%|#F8E893 100%\u00a0\u00bb background_color_gradient_start=\u00a0\u00bb#ffffff\u00a0\u00bb background_color_gradient_end=\u00a0\u00bb#F8E893&Prime; custom_margin=\u00a0\u00bb-1px||||false|false\u00a0\u00bb custom_padding=\u00a0\u00bb0px||0px||false|false\u00a0\u00bb global_colors_info=\u00a0\u00bb{}\u00a0\u00bb][et_pb_row _builder_version=\u00a0\u00bb4.16&Prime; custom_padding=\u00a0\u00bb0px||||false|false\u00a0\u00bb global_colors_info=\u00a0\u00bb{}\u00a0\u00bb][et_pb_column type=\u00a0\u00bb4_4&Prime; _builder_version=\u00a0\u00bb4.16&Prime; global_colors_info=\u00a0\u00bb{}\u00a0\u00bb][et_pb_text _builder_version=\u00a0\u00bb4.18.0&Prime; text_font=\u00a0\u00bb||||||||\u00a0\u00bb text_text_color=\u00a0\u00bb#000000&Prime; text_font_size=\u00a0\u00bb15px\u00a0\u00bb header_text_color=\u00a0\u00bb#086C92&Prime; header_2_font=\u00a0\u00bbABeeZee|700|||||||\u00a0\u00bb header_2_text_color=\u00a0\u00bb#086c92&Prime; header_2_font_size=\u00a0\u00bb28px\u00a0\u00bb global_colors_info=\u00a0\u00bb{}\u00a0\u00bb]<\/p>\n<h2>L&rsquo;accompagnement mental du dirigeant (AMD)<\/h2>\n<p>[\/et_pb_text][et_pb_text _builder_version=\u00a0\u00bb4.18.0&Prime; text_font=\u00a0\u00bb||||||||\u00a0\u00bb text_text_color=\u00a0\u00bb#000000&Prime; text_font_size=\u00a0\u00bb15px\u00a0\u00bb header_text_color=\u00a0\u00bb#086C92&Prime; header_3_font=\u00a0\u00bb|700|||||||\u00a0\u00bb header_3_text_color=\u00a0\u00bb#086c92&Prime; hover_enabled=\u00a0\u00bb0&Prime; global_colors_info=\u00a0\u00bb{}\u00a0\u00bb sticky_enabled=\u00a0\u00bb0&Prime;]<\/p>\n<h3 style=\"text-align: left;\"><em><strong>Pour qui ?<\/strong><\/em><\/h3>\n<p style=\"text-align: left;\">Ce protocole de 12 s\u00e9ances est con\u00e7u pour les dirigeants, chefs d&rsquo;entreprises et responsables de services.<\/p>\n<h3 style=\"text-align: left;\"><em><strong><\/strong><\/em><\/h3>\n<h3 style=\"text-align: left;\"><em><strong>L&rsquo;objectif de cet accompagnement :<\/strong><\/em><\/h3>\n<p style=\"text-align: left;\">Retrouver votre plein potentiel \u00e9nerg\u00e9tique gr\u00e2ce aux soins.<\/p>\n<h3 style=\"text-align: left;\"><em><strong><\/strong><\/em><\/h3>\n<h3 style=\"text-align: left;\"><em><strong>D\u00e9roulement du protocole :<\/strong><\/em><\/h3>\n<p style=\"text-align: left;\">Ce protocole se d\u00e9roule en 2 \u00e9tapes :<\/p>\n<ul>\n<li style=\"text-align: left;\">les 6 premi\u00e8res s\u00e9ances : rebooster vos batteries au maximum \u00e0 l&rsquo;aide du soin \u00e9nerg\u00e9tique<\/li>\n<li>les 6 suivantes : apprendre \u00e0 maintenir cette \u00e9nergie en mettant \u00e0 votre disposition des outils<\/li>\n<\/ul>\n<p><em><strong><\/strong><\/em><\/p>\n<h3><em><strong><\/strong><\/em><\/h3>\n<h3><em><strong>Quels sont les b\u00e9n\u00e9fices de ce protocole ?<\/strong><\/em><\/h3>\n<ul>\n<li>Meilleure gestion des conflits internes et externes<\/li>\n<li>La concentration<\/li>\n<li>L&rsquo;optimisme<\/li>\n<li>La pers\u00e9v\u00e9rance<\/li>\n<li>Le positivisme<\/li>\n<li>Le calme<\/li>\n<li>La s\u00e9r\u00e9nit\u00e9<\/li>\n<li>Le l\u00e2cher-prise<\/li>\n<li>La d\u00e9tente, et ce, en toutes circonstances<\/li>\n<\/ul>\n<p>[\/et_pb_text][\/et_pb_column][\/et_pb_row][\/et_pb_section]<\/p>\n","protected":false},"excerpt":{"rendered":"<p>SOINS \u00c9NERG\u00c9TIQUESPourquoi un soin \u00e9nerg\u00e9tique ? Pour mieux appr\u00e9hender les exp\u00e9riences de la vie, nous avons besoin d\u2019\u00e9nergie. Lorsque celle-ci est bloqu\u00e9e dans notre corps, nous sommes en d\u00e9saccord avec nos besoins fondamentaux. L&rsquo;objectif du soin \u00e9nerg\u00e9tique : R\u00e9tablir le processus d&rsquo;auto-gu\u00e9rison afin de retrouver l&rsquo;harmonie, le l\u00e2cher prise et l&rsquo;autonomie pour plus de s\u00e9r\u00e9nit\u00e9. [&hellip;]<\/p>\n","protected":false},"author":1,"featured_media":164,"parent":0,"menu_order":0,"comment_status":"closed","ping_status":"closed","template":"","meta":{"_et_pb_use_builder":"on","_et_pb_old_content":"<!-- wp:heading -->\n<h2>SOINS ENERGETIQUES<\/h2>\n<!-- \/wp:heading -->\n\n<!-- wp:paragraph -->\n<p><strong>Th\u00e9rapeute en soins \u00e9nerg\u00e9tiques :<\/strong><br>Afin de retrouver l'harmonie, le l\u00e2cher prise et regagner son autonomie pour plus de s\u00e9r\u00e9nit\u00e9 :<br><strong>les outils de techniques \u00e9nerg\u00e9tiques au quotidien <br> la respiration en conscience <br> la d\u00e9programmation cellulaire <br> la m\u00e9ditation<\/strong><\/p>\n<!-- \/wp:paragraph -->\n\n<!-- wp:paragraph -->\n<p>____________________________________<\/p>\n<!-- \/wp:paragraph -->\n\n<!-- wp:heading {\"level\":4} -->\n<h4><strong>PRENDRE RENDEZ-VOUS :<\/strong><\/h4>\n<!-- \/wp:heading -->\n\n<!-- wp:shortcode -->\n[contact-form-7 id=\"186\" title=\"Formulaire de contact Abdeljabbar\"]\n<!-- \/wp:shortcode -->","_et_gb_content_width":"","footnotes":""},"class_list":["post-36","page","type-page","status-publish","has-post-thumbnail","hentry"],"_links":{"self":[{"href":"https:\/\/bienveillance-active.com\/index.php\/wp-json\/wp\/v2\/pages\/36"}],"collection":[{"href":"https:\/\/bienveillance-active.com\/index.php\/wp-json\/wp\/v2\/pages"}],"about":[{"href":"https:\/\/bienveillance-active.com\/index.php\/wp-json\/wp\/v2\/types\/page"}],"author":[{"embeddable":true,"href":"https:\/\/bienveillance-active.com\/index.php\/wp-json\/wp\/v2\/users\/1"}],"replies":[{"embeddable":true,"href":"https:\/\/bienveillance-active.com\/index.php\/wp-json\/wp\/v2\/comments?post=36"}],"version-history":[{"count":30,"href":"https:\/\/bienveillance-active.com\/index.php\/wp-json\/wp\/v2\/pages\/36\/revisions"}],"predecessor-version":[{"id":1739,"href":"https:\/\/bienveillance-active.com\/index.php\/wp-json\/wp\/v2\/pages\/36\/revisions\/1739"}],"wp:featuredmedia":[{"embeddable":true,"href":"https:\/\/bienveillance-active.com\/index.php\/wp-json\/wp\/v2\/media\/164"}],"wp:attachment":[{"href":"https:\/\/bienveillance-active.com\/index.php\/wp-json\/wp\/v2\/media?parent=36"}],"curies":[{"name":"wp","href":"https:\/\/api.w.org\/{rel}","templated":true}]}}