{"id":201,"date":"2020-03-08T17:59:58","date_gmt":"2020-03-08T16:59:58","guid":{"rendered":"http:\/\/bienveillance-active.com\/?page_id=201"},"modified":"2022-03-23T15:12:57","modified_gmt":"2022-03-23T14:12:57","slug":"bol-dair-jacquier","status":"publish","type":"page","link":"https:\/\/bienveillance-active.com\/index.php\/bol-dair-jacquier\/","title":{"rendered":"BOL D\u2019AIR JACQUIER \u00ae"},"content":{"rendered":"<p>[et_pb_section fb_built=\u00a0\u00bb1&Prime; admin_label=\u00a0\u00bbCall to Action\u00a0\u00bb _builder_version=\u00a0\u00bb4.15&Prime; background_image=\u00a0\u00bbhttps:\/\/bienveillance-active.com\/wp-content\/uploads\/2020\/05\/planche-pins-1.jpg\u00a0\u00bb overflow-x=\u00a0\u00bbhidden\u00a0\u00bb overflow-y=\u00a0\u00bbhidden\u00a0\u00bb custom_padding=\u00a0\u00bb||0px|||\u00a0\u00bb animation_style=\u00a0\u00bbfade\u00a0\u00bb animation_starting_opacity=\u00a0\u00bb100%\u00a0\u00bb box_shadow_style=\u00a0\u00bbpreset1&Prime; box_shadow_spread=\u00a0\u00bb16px\u00a0\u00bb global_colors_info=\u00a0\u00bb{}\u00a0\u00bb][et_pb_row _builder_version=\u00a0\u00bb4.15&Prime; max_width=\u00a0\u00bb840px\u00a0\u00bb custom_padding=\u00a0\u00bb0px||0px||true|false\u00a0\u00bb global_colors_info=\u00a0\u00bb{}\u00a0\u00bb][et_pb_column type=\u00a0\u00bb4_4&Prime; _builder_version=\u00a0\u00bb4.15&Prime; global_colors_info=\u00a0\u00bb{}\u00a0\u00bb][et_pb_text _builder_version=\u00a0\u00bb4.15&Prime; text_text_color=\u00a0\u00bb#FFFFFF\u00a0\u00bb header_2_font=\u00a0\u00bb||||||||\u00a0\u00bb header_2_text_color=\u00a0\u00bb#FFFFFF\u00a0\u00bb header_2_font_size=\u00a0\u00bb64px\u00a0\u00bb header_2_letter_spacing=\u00a0\u00bb3px\u00a0\u00bb header_2_line_height=\u00a0\u00bb1.2em\u00a0\u00bb width=\u00a0\u00bb100%\u00a0\u00bb max_width=\u00a0\u00bb800px\u00a0\u00bb custom_margin=\u00a0\u00bb66px||||false|false\u00a0\u00bb custom_padding=\u00a0\u00bb|0px||||\u00a0\u00bb animation_style=\u00a0\u00bbslide\u00a0\u00bb animation_direction=\u00a0\u00bbright\u00a0\u00bb animation_intensity_slide=\u00a0\u00bb1%\u00a0\u00bb header_2_font_size_tablet=\u00a0\u00bb50px\u00a0\u00bb header_2_font_size_phone=\u00a0\u00bb38px\u00a0\u00bb header_2_font_size_last_edited=\u00a0\u00bbon|phone\u00a0\u00bb header_2_letter_spacing_tablet=\u00a0\u00bb1px\u00a0\u00bb header_2_letter_spacing_phone=\u00a0\u00bb0px\u00a0\u00bb header_2_letter_spacing_last_edited=\u00a0\u00bbon|desktop\u00a0\u00bb locked=\u00a0\u00bboff\u00a0\u00bb global_colors_info=\u00a0\u00bb{}\u00a0\u00bb text_text_align_phone=\u00a0\u00bbcenter\u00a0\u00bb text_text_align_last_edited=\u00a0\u00bbon|desktop\u00a0\u00bb]<\/p>\n<h2>BOL D&rsquo;AIR JACQUIER \u00ae<\/h2>\n<p>[\/et_pb_text][\/et_pb_column][\/et_pb_row][et_pb_row _builder_version=\u00a0\u00bb4.15&Prime; max_width=\u00a0\u00bb840px\u00a0\u00bb custom_padding=\u00a0\u00bb0px||0px||true|false\u00a0\u00bb global_colors_info=\u00a0\u00bb{}\u00a0\u00bb][et_pb_column type=\u00a0\u00bb4_4&Prime; _builder_version=\u00a0\u00bb4.15&Prime; global_colors_info=\u00a0\u00bb{}\u00a0\u00bb][et_pb_text _builder_version=\u00a0\u00bb4.15&Prime; header_2_font=\u00a0\u00bb|700|||||||\u00a0\u00bb header_2_text_color=\u00a0\u00bb#FFFFFF\u00a0\u00bb header_2_font_size=\u00a0\u00bb70px\u00a0\u00bb header_2_letter_spacing=\u00a0\u00bb3px\u00a0\u00bb header_2_line_height=\u00a0\u00bb1.2em\u00a0\u00bb transform_scale=\u00a0\u00bb130%|130%\u00a0\u00bb transform_scale_tablet=\u00a0\u00bb100%|100%\u00a0\u00bb transform_scale_phone=\u00a0\u00bb\u00a0\u00bb transform_scale_last_edited=\u00a0\u00bbon|desktop\u00a0\u00bb transform_translate_tablet=\u00a0\u00bb\u00a0\u00bb transform_translate_phone=\u00a0\u00bb\u00a0\u00bb transform_translate_last_edited=\u00a0\u00bbon|desktop\u00a0\u00bb transform_rotate_tablet=\u00a0\u00bb\u00a0\u00bb transform_rotate_phone=\u00a0\u00bb\u00a0\u00bb transform_rotate_last_edited=\u00a0\u00bbon|desktop\u00a0\u00bb transform_skew_tablet=\u00a0\u00bb\u00a0\u00bb transform_skew_phone=\u00a0\u00bb\u00a0\u00bb transform_skew_last_edited=\u00a0\u00bbon|desktop\u00a0\u00bb transform_origin=\u00a0\u00bb0%|50%\u00a0\u00bb transform_origin_tablet=\u00a0\u00bb\u00a0\u00bb transform_origin_phone=\u00a0\u00bb\u00a0\u00bb transform_origin_last_edited=\u00a0\u00bbon|desktop\u00a0\u00bb transform_styles_last_edited=\u00a0\u00bbon|desktop\u00a0\u00bb max_width=\u00a0\u00bb800px\u00a0\u00bb custom_margin=\u00a0\u00bb|||-110px|false|false\u00a0\u00bb custom_margin_tablet=\u00a0\u00bb|||0px|false|false\u00a0\u00bb custom_margin_phone=\u00a0\u00bb\u00a0\u00bb custom_margin_last_edited=\u00a0\u00bbon|desktop\u00a0\u00bb animation_style=\u00a0\u00bbslide\u00a0\u00bb animation_direction=\u00a0\u00bbleft\u00a0\u00bb animation_intensity_slide=\u00a0\u00bb5%\u00a0\u00bb header_2_font_size_tablet=\u00a0\u00bb50px\u00a0\u00bb header_2_font_size_phone=\u00a0\u00bb34px\u00a0\u00bb header_2_font_size_last_edited=\u00a0\u00bbon|phone\u00a0\u00bb header_2_letter_spacing_tablet=\u00a0\u00bb1px\u00a0\u00bb header_2_letter_spacing_phone=\u00a0\u00bb0px\u00a0\u00bb header_2_letter_spacing_last_edited=\u00a0\u00bbon|desktop\u00a0\u00bb transform_styles_tablet=\u00a0\u00bb\u00a0\u00bb transform_styles_phone=\u00a0\u00bb\u00a0\u00bb header_2_text_shadow_style=\u00a0\u00bbpreset1&Prime; header_2_text_shadow_vertical_length=\u00a0\u00bb0.39em\u00a0\u00bb header_2_text_shadow_blur_strength=\u00a0\u00bb0.65em\u00a0\u00bb header_2_text_shadow_color=\u00a0\u00bbrgba(163,51,29,0.37)\u00a0\u00bb locked=\u00a0\u00bboff\u00a0\u00bb global_colors_info=\u00a0\u00bb{}\u00a0\u00bb text_text_align_tablet=\u00a0\u00bbcenter\u00a0\u00bb text_text_align_last_edited=\u00a0\u00bbon|desktop\u00a0\u00bb text_text_align_phone=\u00a0\u00bbcenter\u00a0\u00bb]<\/p>\n<h2 style=\"text-align: center;\">RESPIREZ<\/h2>\n<p>[\/et_pb_text][\/et_pb_column][\/et_pb_row][et_pb_row _builder_version=\u00a0\u00bb4.15&Prime; global_colors_info=\u00a0\u00bb{}\u00a0\u00bb][et_pb_column type=\u00a0\u00bb4_4&Prime; _builder_version=\u00a0\u00bb4.15&Prime; global_colors_info=\u00a0\u00bb{}\u00a0\u00bb][et_pb_image src=\u00a0\u00bbhttps:\/\/bienveillance-active.com\/wp-content\/uploads\/2020\/05\/r\u00e9sine-de-pin.png\u00a0\u00bb align=\u00a0\u00bbcenter\u00a0\u00bb disabled_on=\u00a0\u00bbon|on|off\u00a0\u00bb _builder_version=\u00a0\u00bb4.15&Prime; max_width_tablet=\u00a0\u00bb200px\u00a0\u00bb max_width_phone=\u00a0\u00bb\u00a0\u00bb max_width_last_edited=\u00a0\u00bbon|desktop\u00a0\u00bb custom_margin=\u00a0\u00bb-69px|-144px|-34px|||\u00a0\u00bb custom_padding=\u00a0\u00bb|||615px||\u00a0\u00bb animation_style=\u00a0\u00bbroll\u00a0\u00bb animation_direction=\u00a0\u00bbleft\u00a0\u00bb animation_intensity_roll=\u00a0\u00bb1%\u00a0\u00bb animation_starting_opacity=\u00a0\u00bb100%\u00a0\u00bb global_colors_info=\u00a0\u00bb{}\u00a0\u00bb][\/et_pb_image][\/et_pb_column][\/et_pb_row][\/et_pb_section][et_pb_section fb_built=\u00a0\u00bb1&Prime; admin_label=\u00a0\u00bbsection\u00a0\u00bb _builder_version=\u00a0\u00bb4.15&Prime; use_background_color_gradient=\u00a0\u00bbon\u00a0\u00bb background_color_gradient_start=\u00a0\u00bb#ffffff\u00a0\u00bb background_color_gradient_end=\u00a0\u00bb#F8E893&Prime; custom_padding=\u00a0\u00bb||0px||false|false\u00a0\u00bb global_colors_info=\u00a0\u00bb{}\u00a0\u00bb][et_pb_row _builder_version=\u00a0\u00bb4.15&Prime; custom_padding=\u00a0\u00bb0px||||false|false\u00a0\u00bb global_colors_info=\u00a0\u00bb{}\u00a0\u00bb][et_pb_column type=\u00a0\u00bb4_4&Prime; _builder_version=\u00a0\u00bb4.15&Prime; global_colors_info=\u00a0\u00bb{}\u00a0\u00bb][et_pb_text _builder_version=\u00a0\u00bb4.15&Prime; text_font=\u00a0\u00bb|700|||||||\u00a0\u00bb text_text_color=\u00a0\u00bb#086C92&Prime; text_font_size=\u00a0\u00bb16px\u00a0\u00bb text_orientation=\u00a0\u00bbcenter\u00a0\u00bb custom_margin=\u00a0\u00bb||50px||false|false\u00a0\u00bb global_colors_info=\u00a0\u00bb{}\u00a0\u00bb]<\/p>\n<p><strong>Le Bol d\u2019air Jacquier\u00ae, une oxyg\u00e9nation sans risque radicalaire, en accord avec la nature.<br \/> Une attitude responsable pour prendre en main notre \u00e9tat g\u00e9n\u00e9ral et pr\u00e9server notre vitalit\u00e9.<\/strong><\/p>\n<p>[\/et_pb_text][et_pb_text _builder_version=\u00a0\u00bb4.15&Prime; text_font=\u00a0\u00bb|700|||||||\u00a0\u00bb text_text_color=\u00a0\u00bb#000000&Prime; text_font_size=\u00a0\u00bb20px\u00a0\u00bb header_text_color=\u00a0\u00bb#000000&Prime; header_2_font=\u00a0\u00bb|700|||||||\u00a0\u00bb header_2_text_color=\u00a0\u00bb#086C92&Prime; header_2_font_size=\u00a0\u00bb28px\u00a0\u00bb text_orientation=\u00a0\u00bbcenter\u00a0\u00bb global_colors_info=\u00a0\u00bb{}\u00a0\u00bb]<\/p>\n<h2 style=\"text-align: left;\">Avec le Bol d\u2019air Jacquier\u00ae, respirons la sant\u00e9 !<\/h2>\n<p>[\/et_pb_text][et_pb_text _builder_version=\u00a0\u00bb4.15&Prime; text_font=\u00a0\u00bb||||||||\u00a0\u00bb text_text_color=\u00a0\u00bb#000000&Prime; text_font_size=\u00a0\u00bb15px\u00a0\u00bb header_text_color=\u00a0\u00bb#086C92&Prime; text_orientation=\u00a0\u00bbcenter\u00a0\u00bb global_colors_info=\u00a0\u00bb{}\u00a0\u00bb]<\/p>\n<p style=\"text-align: left;\">Fatigue, mal-\u00eatre\u2026<br \/> Les premiers effets du manque d\u2019oxyg\u00e9nation cellulaire se ressentent au niveau de notre humeur, de notre capacit\u00e9 d\u2019attention ou de m\u00e9morisation et de notre vitalit\u00e9. Arrivent ensuite un affaiblissement g\u00e9n\u00e9ral et la perte de nos capacit\u00e9s de d\u00e9fenses naturelles.<br \/> Pollution, stress et vieillissement entra\u00eenent l\u2019hypoxie \u2013 le manque d\u2019oxyg\u00e8ne de la cellule.<br \/> Quand l\u2019hypoxie s\u2019installe, il devient indispensable de cr\u00e9er les conditions d\u2019une meilleure oxyg\u00e9nation cellulaire.<br \/> Le plus efficace sera de bien utiliser l\u2019oxyg\u00e8ne que nous respirons, de l\u2019assimiler correctement, de le rendre biodisponible, sans cr\u00e9er d\u2019hyper oxyg\u00e9nation.<\/p>\n<p>[\/et_pb_text][et_pb_text _builder_version=\u00a0\u00bb4.15&Prime; text_font=\u00a0\u00bb||||||||\u00a0\u00bb text_text_color=\u00a0\u00bb#000000&Prime; text_font_size=\u00a0\u00bb15px\u00a0\u00bb header_text_color=\u00a0\u00bb#086C92&Prime; text_orientation=\u00a0\u00bbcenter\u00a0\u00bb global_colors_info=\u00a0\u00bb{}\u00a0\u00bb]<\/p>\n<p style=\"text-align: left;\"><strong>Le Bol d\u2019air Jacquier\u00ae transforme les pin\u00e8nes issus de la r\u00e9sine de pin des Landes (Or\u00e9sine\u00ae) en super transporteurs d\u2019oxyg\u00e8ne. Une m\u00e9thode ing\u00e9nieuse pour capter en quelques minutes, au quotidien ou par cures r\u00e9p\u00e9t\u00e9es, la force des for\u00eats de pins.<\/strong><br \/> Une br\u00e8ve inhalation via le Bol d\u2019air\u00ae initie un processus de r\u00e9g\u00e9n\u00e9ration, prot\u00e8ge de la sous oxyg\u00e9nation pendant plusieurs heures et augmente nos capacit\u00e9s de d\u00e9fenses anti-radicalaires (ne pas confondre avec un produit anti radicalaire, qui supprime aussi les radicaux libres indispensables).<br \/> Cette m\u00e9thode unique et puissante, d\u00e9velopp\u00e9e par le Laboratoire Holiste, am\u00e9liorant l\u2019oxyg\u00e9nation tissulaire de fa\u00e7on simple, peu contraignante, sans hyper oxyg\u00e9nation et sans risques radicalaires, est un formidable potentiel d\u2019avenir serein.<\/p>\n<p>[\/et_pb_text][et_pb_text _builder_version=\u00a0\u00bb4.15&Prime; text_font=\u00a0\u00bb||||||||\u00a0\u00bb text_text_color=\u00a0\u00bb#000000&Prime; text_font_size=\u00a0\u00bb15px\u00a0\u00bb header_text_color=\u00a0\u00bb#086C92&Prime; text_orientation=\u00a0\u00bbcenter\u00a0\u00bb global_colors_info=\u00a0\u00bb{}\u00a0\u00bb]<\/p>\n<p style=\"text-align: left;\">\n<p style=\"text-align: left;\"><strong>Tout le monde, \u00e0 tout \u00e2ge, peut b\u00e9n\u00e9ficier des bienfaits du Bol d\u2019air Jacquier\u00ae !<\/strong><br \/> Son utilisation traditionnelle est aujourd\u2019hui soutenue par de nombreux travaux scientifiques modernes et plus de 60 ans d\u2019exp\u00e9rience.<br \/> Le Bol d\u2019air Jacquier\u00ae ne g\u00e9n\u00e8re pas d\u2019oxyg\u00e8ne, n\u2019est ni un diffuseur d\u2019huiles essentielles ni un ioniseur d\u2019air.<br \/> Il s\u2019agit d\u2019un compl\u00e9ment respiratoire qui ne remplace pas les traitements en cours, lesquels ne doivent pas \u00eatre arr\u00eat\u00e9s sans avis m\u00e9dical.<br \/> Rappel des pr\u00e9cautions : comme pour toutes les Huiles Essentielles, le Bol d\u2019air\u00ae ne peut pas \u00eatre utilis\u00e9 aupr\u00e8s des enfants de moins de 36 mois ni par les femmes enceintes et allaitantes.<br \/> Tr\u00e8s conseill\u00e9 pour la pr\u00e9paration physique et l&rsquo;endurance des sportifs.<\/p>\n<p>[\/et_pb_text][\/et_pb_column][\/et_pb_row][\/et_pb_section]<\/p>\n","protected":false},"excerpt":{"rendered":"<p>BOL D&rsquo;AIR JACQUIER \u00aeRESPIREZLe Bol d\u2019air Jacquier\u00ae, une oxyg\u00e9nation sans risque radicalaire, en accord avec la nature. Une attitude responsable pour prendre en main notre \u00e9tat g\u00e9n\u00e9ral et pr\u00e9server notre vitalit\u00e9.Avec le Bol d\u2019air Jacquier\u00ae, respirons la sant\u00e9 !Fatigue, mal-\u00eatre\u2026 Les premiers effets du manque d\u2019oxyg\u00e9nation cellulaire se ressentent au niveau de notre humeur, de [&hellip;]<\/p>\n","protected":false},"author":1,"featured_media":206,"parent":0,"menu_order":0,"comment_status":"closed","ping_status":"closed","template":"","meta":{"_et_pb_use_builder":"on","_et_pb_old_content":"<!-- wp:heading {\"level\":4} -->\n<h4>Bol d\u2019Air Jacquier \u00ae<\/h4>\n<!-- \/wp:heading -->\n\n<!-- wp:paragraph -->\n<p><strong>Avec le Bol d\u2019air Jacquier\u00ae, respirons la sant\u00e9 !<\/strong><\/p>\n<!-- \/wp:paragraph -->\n\n<!-- wp:quote -->\n<blockquote class=\"wp-block-quote\"><p>Le Bol d\u2019air Jacquier\u00ae, une oxyg\u00e9nation sans risque radicalaire, en accord avec la nature.<br> Une attitude responsable pour prendre en main notre \u00e9tat g\u00e9n\u00e9ral et pr\u00e9server notre vitalit\u00e9.<\/p><\/blockquote>\n<!-- \/wp:quote -->\n\n<!-- wp:paragraph -->\n<p>Fatigue, mal-\u00eatre\u2026 <br>Les premiers effets du manque d\u2019oxyg\u00e9nation cellulaire se ressentent au niveau de notre humeur, de notre capacit\u00e9 d\u2019attention ou de m\u00e9morisation et de notre vitalit\u00e9. Arrivent ensuite un affaiblissement g\u00e9n\u00e9ral et la perte de nos capacit\u00e9s de d\u00e9fenses naturelles.<br> Pollution, stress et vieillissement entra\u00eenent l\u2019hypoxie \u2013 le manque d\u2019oxyg\u00e8ne de la cellule.<br> Quand l\u2019hypoxie s\u2019installe, il devient indispensable de cr\u00e9er les conditions d\u2019une meilleure oxyg\u00e9nation cellulaire.<br> Le plus efficace sera de bien utiliser l\u2019oxyg\u00e8ne que nous respirons, de l\u2019assimiler correctement, de le rendre biodisponible, sans cr\u00e9er d\u2019hyper oxyg\u00e9nation.<\/p>\n<!-- \/wp:paragraph -->\n\n<!-- wp:paragraph -->\n<p><strong>Le Bol d\u2019air Jacquier\u00ae transforme les pin\u00e8nes issus de la r\u00e9sine de pin des Landes (Or\u00e9sine\u00ae) en super transporteurs d\u2019oxyg\u00e8ne. Une m\u00e9thode ing\u00e9nieuse pour capter en quelques minutes, au quotidien ou par cures r\u00e9p\u00e9t\u00e9es, la force des for\u00eats de pins.<\/strong><br> Une br\u00e8ve inhalation via le Bol d\u2019air\u00ae initie un processus de r\u00e9g\u00e9n\u00e9ration, prot\u00e8ge de la sous oxyg\u00e9nation pendant plusieurs heures et augmente nos capacit\u00e9s de d\u00e9fenses anti-radicalaires (ne pas confondre avec un produit anti radicalaire, qui supprime aussi les radicaux libres indispensables).<br> Cette m\u00e9thode unique et puissante, d\u00e9velopp\u00e9e par le Laboratoire Holiste, am\u00e9liorant l\u2019oxyg\u00e9nation tissulaire de fa\u00e7on simple, peu contraignante, sans hyper oxyg\u00e9nation et sans risques radicalaires, est un formidable potentiel d\u2019avenir serein.<\/p>\n<!-- \/wp:paragraph -->\n\n<!-- wp:paragraph -->\n<p><strong>Tout le monde, \u00e0 tout \u00e2ge, peut b\u00e9n\u00e9ficier des bienfaits du Bol d\u2019air Jacquier\u00ae !<\/strong><br> Son utilisation traditionnelle est aujourd\u2019hui soutenue par de nombreux travaux scientifiques modernes et plus de 60 ans d\u2019exp\u00e9rience.<br> Le Bol d\u2019air Jacquier\u00ae ne g\u00e9n\u00e8re pas d\u2019oxyg\u00e8ne, n\u2019est ni un diffuseur d\u2019huiles essentielles ni un ioniseur d\u2019air.<br> Il s\u2019agit d\u2019un compl\u00e9ment respiratoire qui ne remplace pas les traitements en cours, lesquels ne doivent pas \u00eatre arr\u00eat\u00e9s sans avis m\u00e9dical.<br> Rappel des pr\u00e9cautions : comme pour toutes les Huiles Essentielles, le Bol d\u2019air\u00ae ne peut pas \u00eatre utilis\u00e9 aupr\u00e8s des enfants de moins de 36 mois ni par les femmes enceintes et allaitantes.<br>Tr\u00e8s conseill\u00e9 pour la pr\u00e9paration physique et l'endurance des sportifs.<\/p>\n<!-- \/wp:paragraph -->\n\n<!-- wp:paragraph -->\n<p>____________________________________<\/p>\n<!-- \/wp:paragraph -->\n\n<!-- wp:heading {\"level\":4} -->\n<h4><strong>PRENDRE RENDEZ-VOUS :<\/strong><\/h4>\n<!-- \/wp:heading -->\n\n<!-- wp:shortcode -->\n[contact-form-7 id=\"186\" title=\"Formulaire de contact Abdeljabbar\"]\n<!-- \/wp:shortcode -->","_et_gb_content_width":"","footnotes":""},"class_list":["post-201","page","type-page","status-publish","has-post-thumbnail","hentry"],"_links":{"self":[{"href":"https:\/\/bienveillance-active.com\/index.php\/wp-json\/wp\/v2\/pages\/201"}],"collection":[{"href":"https:\/\/bienveillance-active.com\/index.php\/wp-json\/wp\/v2\/pages"}],"about":[{"href":"https:\/\/bienveillance-active.com\/index.php\/wp-json\/wp\/v2\/types\/page"}],"author":[{"embeddable":true,"href":"https:\/\/bienveillance-active.com\/index.php\/wp-json\/wp\/v2\/users\/1"}],"replies":[{"embeddable":true,"href":"https:\/\/bienveillance-active.com\/index.php\/wp-json\/wp\/v2\/comments?post=201"}],"version-history":[{"count":26,"href":"https:\/\/bienveillance-active.com\/index.php\/wp-json\/wp\/v2\/pages\/201\/revisions"}],"predecessor-version":[{"id":1651,"href":"https:\/\/bienveillance-active.com\/index.php\/wp-json\/wp\/v2\/pages\/201\/revisions\/1651"}],"wp:featuredmedia":[{"embeddable":true,"href":"https:\/\/bienveillance-active.com\/index.php\/wp-json\/wp\/v2\/media\/206"}],"wp:attachment":[{"href":"https:\/\/bienveillance-active.com\/index.php\/wp-json\/wp\/v2\/media?parent=201"}],"curies":[{"name":"wp","href":"https:\/\/api.w.org\/{rel}","templated":true}]}}