{"id":1210,"date":"2020-08-31T15:20:00","date_gmt":"2020-08-31T13:20:00","guid":{"rendered":"http:\/\/bienveillance-active.com\/?page_id=1210"},"modified":"2022-03-23T15:12:22","modified_gmt":"2022-03-23T14:12:22","slug":"blog","status":"publish","type":"page","link":"https:\/\/bienveillance-active.com\/index.php\/blog\/","title":{"rendered":"blog"},"content":{"rendered":"<p>[et_pb_section fb_built=\u00a0\u00bb1&Prime; admin_label=\u00a0\u00bbCall to Action\u00a0\u00bb _builder_version=\u00a0\u00bb4.15&Prime; background_image=\u00a0\u00bbhttps:\/\/bienveillance-active.com\/wp-content\/uploads\/2020\/03\/bieEtre-1.jpg\u00a0\u00bb overflow-x=\u00a0\u00bbhidden\u00a0\u00bb overflow-y=\u00a0\u00bbhidden\u00a0\u00bb custom_padding=\u00a0\u00bb||440px|||\u00a0\u00bb animation_style=\u00a0\u00bbfade\u00a0\u00bb animation_starting_opacity=\u00a0\u00bb100%\u00a0\u00bb box_shadow_style=\u00a0\u00bbpreset1&Prime; box_shadow_spread=\u00a0\u00bb16px\u00a0\u00bb global_colors_info=\u00a0\u00bb{}\u00a0\u00bb][et_pb_row _builder_version=\u00a0\u00bb4.15&Prime; max_width=\u00a0\u00bb840px\u00a0\u00bb custom_padding=\u00a0\u00bb0px||0px||true|false\u00a0\u00bb global_colors_info=\u00a0\u00bb{}\u00a0\u00bb][et_pb_column type=\u00a0\u00bb4_4&Prime; _builder_version=\u00a0\u00bb4.15&Prime; global_colors_info=\u00a0\u00bb{}\u00a0\u00bb][et_pb_text _builder_version=\u00a0\u00bb4.15&Prime; header_2_font=\u00a0\u00bb|700|||||||\u00a0\u00bb header_2_text_color=\u00a0\u00bb#FFFFFF\u00a0\u00bb header_2_font_size=\u00a0\u00bb70px\u00a0\u00bb header_2_letter_spacing=\u00a0\u00bb3px\u00a0\u00bb header_2_line_height=\u00a0\u00bb1.2em\u00a0\u00bb transform_scale=\u00a0\u00bb130%|130%\u00a0\u00bb transform_scale_tablet=\u00a0\u00bb100%|100%\u00a0\u00bb transform_scale_phone=\u00a0\u00bb\u00a0\u00bb transform_scale_last_edited=\u00a0\u00bbon|desktop\u00a0\u00bb transform_translate_tablet=\u00a0\u00bb\u00a0\u00bb transform_translate_phone=\u00a0\u00bb\u00a0\u00bb transform_translate_last_edited=\u00a0\u00bbon|desktop\u00a0\u00bb transform_rotate_tablet=\u00a0\u00bb\u00a0\u00bb transform_rotate_phone=\u00a0\u00bb\u00a0\u00bb transform_rotate_last_edited=\u00a0\u00bbon|desktop\u00a0\u00bb transform_skew_tablet=\u00a0\u00bb\u00a0\u00bb transform_skew_phone=\u00a0\u00bb\u00a0\u00bb transform_skew_last_edited=\u00a0\u00bbon|desktop\u00a0\u00bb transform_origin=\u00a0\u00bb0%|50%\u00a0\u00bb transform_origin_tablet=\u00a0\u00bb\u00a0\u00bb transform_origin_phone=\u00a0\u00bb\u00a0\u00bb transform_origin_last_edited=\u00a0\u00bbon|desktop\u00a0\u00bb transform_styles_last_edited=\u00a0\u00bbon|desktop\u00a0\u00bb max_width=\u00a0\u00bb800px\u00a0\u00bb custom_margin=\u00a0\u00bb|||-110px|false|false\u00a0\u00bb custom_margin_tablet=\u00a0\u00bb|||0px|false|false\u00a0\u00bb custom_margin_phone=\u00a0\u00bb\u00a0\u00bb custom_margin_last_edited=\u00a0\u00bbon|desktop\u00a0\u00bb custom_padding=\u00a0\u00bb137px|||||\u00a0\u00bb animation_style=\u00a0\u00bbslide\u00a0\u00bb animation_direction=\u00a0\u00bbleft\u00a0\u00bb animation_intensity_slide=\u00a0\u00bb5%\u00a0\u00bb header_2_font_size_tablet=\u00a0\u00bb50px\u00a0\u00bb header_2_font_size_phone=\u00a0\u00bb40px\u00a0\u00bb header_2_font_size_last_edited=\u00a0\u00bbon|phone\u00a0\u00bb header_2_letter_spacing_tablet=\u00a0\u00bb1px\u00a0\u00bb header_2_letter_spacing_phone=\u00a0\u00bb0px\u00a0\u00bb header_2_letter_spacing_last_edited=\u00a0\u00bbon|desktop\u00a0\u00bb transform_styles_tablet=\u00a0\u00bb\u00a0\u00bb transform_styles_phone=\u00a0\u00bb\u00a0\u00bb header_2_text_shadow_style=\u00a0\u00bbpreset1&Prime; header_2_text_shadow_vertical_length=\u00a0\u00bb0.39em\u00a0\u00bb header_2_text_shadow_blur_strength=\u00a0\u00bb0.65em\u00a0\u00bb header_2_text_shadow_color=\u00a0\u00bbrgba(163,51,29,0.37)\u00a0\u00bb locked=\u00a0\u00bboff\u00a0\u00bb global_colors_info=\u00a0\u00bb{}\u00a0\u00bb text_text_align_tablet=\u00a0\u00bbcenter\u00a0\u00bb text_text_align_last_edited=\u00a0\u00bbon|desktop\u00a0\u00bb text_text_align_phone=\u00a0\u00bbcenter\u00a0\u00bb]<\/p>\n<h2 style=\"text-align: center;\">BLOG d&rsquo;Abdeljabbar<\/h2>\n<p>[\/et_pb_text][\/et_pb_column][\/et_pb_row][\/et_pb_section][et_pb_section fb_built=\u00a0\u00bb1&Prime; admin_label=\u00a0\u00bbsection\u00a0\u00bb _builder_version=\u00a0\u00bb4.15&Prime; use_background_color_gradient=\u00a0\u00bbon\u00a0\u00bb background_color_gradient_start=\u00a0\u00bb#ffffff\u00a0\u00bb background_color_gradient_end=\u00a0\u00bb#f8e893&Prime; custom_padding=\u00a0\u00bb||0px||false|false\u00a0\u00bb global_colors_info=\u00a0\u00bb{}\u00a0\u00bb][et_pb_row column_structure=\u00a0\u00bb1_2,1_2&Prime; _builder_version=\u00a0\u00bb4.15&Prime; global_colors_info=\u00a0\u00bb{}\u00a0\u00bb][et_pb_column type=\u00a0\u00bb1_2&Prime; _builder_version=\u00a0\u00bb4.15&Prime; global_colors_info=\u00a0\u00bb{}\u00a0\u00bb][et_pb_image src=\u00a0\u00bbhttps:\/\/bienveillance-active.com\/wp-content\/uploads\/2020\/09\/IMG_5268-2.jpg\u00a0\u00bb _builder_version=\u00a0\u00bb4.15&Prime; global_colors_info=\u00a0\u00bb{}\u00a0\u00bb][\/et_pb_image][\/et_pb_column][et_pb_column type=\u00a0\u00bb1_2&Prime; _builder_version=\u00a0\u00bb4.15&Prime; global_colors_info=\u00a0\u00bb{}\u00a0\u00bb][et_pb_text _builder_version=\u00a0\u00bb4.15&Prime; global_colors_info=\u00a0\u00bb{}\u00a0\u00bb]<\/p>\n<p><em>Le Bien Etre c&rsquo;est aussi dans l&rsquo;assiette !<\/em><\/p>\n<p><i>En<\/i><i>\u00a0cette arri\u00e8re saison, le potager offre ses derni\u00e8res r\u00e9coltes de tomates.<\/i><\/p>\n<p><i>\u00a0<\/i><i>Connaissez-vous les vertus de la tomate sur la sant\u00e9 ?<\/i><\/p>\n<p><i>Riche en fibres, en vitamines C, B\u00eata-carot\u00e8ne, min\u00e9raux ( fer, calcium, zinc, magn\u00e9sium ) et en lycop\u00e8ne qui donne sa couleur rouge,\u00a0 excellent anti-oxydant\u00a0pour pr\u00e9venir certaines maladies.<\/i><\/p>\n<p><i>C&rsquo;est un super aliment, id\u00e9al pour \u00e9liminer\u00a0 les radicaux libres, responsables du vieillissement\u00a0 pr\u00e9matur\u00e9 de nos cellules.<\/i><\/p>\n<p><span style=\"color: #e02b20;\"><strong>Voici la recette de la Salade de tomates Marocaine<\/strong><\/span>\u00a0<br \/> Tomates<br \/> Oignons frais<br \/> Coriandre fra\u00eeche<br \/> Huile d&rsquo;olives<br \/> Sel de\u00a0Gu\u00e9rande<br \/> Poivre<br \/> Cumin en poudre<br \/> Pour 4 personnes<br \/> 5 Belles tomates, les peler et d\u00e9couper en petits d\u00e9s \u00a0<br \/> 1 \u00e0 2 oignons frais, \u00a0peler et \u00e9mincer en petits morceaux<br \/> 1 petit bouquet de coriandre, laver et hacher fin<br \/> Dans un saladier, m\u00e9langer le Tout,<br \/> Avec 2 c\u00a0 \u00e0 soupe d&rsquo;huile d&rsquo;olive, sel poivre cumin &#8230; et\u00a0 Beaucoup d&rsquo;amour<\/p>\n<p>[\/et_pb_text][\/et_pb_column][\/et_pb_row][et_pb_row column_structure=\u00a0\u00bb1_2,1_2&Prime; _builder_version=\u00a0\u00bb4.15&Prime; custom_margin=\u00a0\u00bb69px|auto||auto||\u00a0\u00bb global_colors_info=\u00a0\u00bb{}\u00a0\u00bb][et_pb_column type=\u00a0\u00bb1_2&Prime; _builder_version=\u00a0\u00bb4.15&Prime; global_colors_info=\u00a0\u00bb{}\u00a0\u00bb][et_pb_image src=\u00a0\u00bbhttps:\/\/bienveillance-active.com\/wp-content\/uploads\/2020\/09\/8c55c2de2be808a318274ffcb7761664-1.jpg\u00a0\u00bb _builder_version=\u00a0\u00bb4.15&Prime; box_shadow_style=\u00a0\u00bbpreset1&Prime; global_colors_info=\u00a0\u00bb{}\u00a0\u00bb][\/et_pb_image][\/et_pb_column][et_pb_column type=\u00a0\u00bb1_2&Prime; _builder_version=\u00a0\u00bb4.15&Prime; global_colors_info=\u00a0\u00bb{}\u00a0\u00bb][et_pb_text _builder_version=\u00a0\u00bb4.15&Prime; global_colors_info=\u00a0\u00bb{}\u00a0\u00bb]<\/p>\n<p style=\"text-align: justify;\"><span style=\"font-size: medium;\"><strong>Nos d\u00e9fenses immunitaires ont besoin plus que jamais d&rsquo;\u00eatre stimul\u00e9es.<\/strong><\/span><\/p>\n<p style=\"text-align: justify;\">Avant l&rsquo;arriv\u00e9e des jours froids et parfois humides de l&rsquo;hiver, <a href=\"https:\/\/bienveillance-active.com\/index.php\/bien-etre-en-entreprise\/\">la respiration en conscience<\/a> est un outil naturel que tout \u00e0 chacun peut d\u00e9velopper afin de renforcer son organisme et cultiver la s\u00e9r\u00e9nit\u00e9. <br \/>La pratique r\u00e9guli\u00e8re de cette m\u00e9thode naturelle influe de fa\u00e7on positive et\u00a0 consciente sur l&rsquo;harmonie Corps\/Esprit.<\/p>\n<p>[\/et_pb_text][\/et_pb_column][\/et_pb_row][et_pb_row column_structure=\u00a0\u00bb1_2,1_2&Prime; _builder_version=\u00a0\u00bb4.15&Prime; custom_margin=\u00a0\u00bb69px|auto||auto||\u00a0\u00bb global_colors_info=\u00a0\u00bb{}\u00a0\u00bb][et_pb_column type=\u00a0\u00bb1_2&Prime; _builder_version=\u00a0\u00bb4.15&Prime; global_colors_info=\u00a0\u00bb{}\u00a0\u00bb][et_pb_image src=\u00a0\u00bbhttps:\/\/bienveillance-active.com\/wp-content\/uploads\/2020\/09\/confiture-dabricots-1.png\u00a0\u00bb title_text=\u00a0\u00bbconfiture d&rsquo;abricots\u00a0\u00bb _builder_version=\u00a0\u00bb4.15&Prime; box_shadow_style=\u00a0\u00bbpreset1&Prime; global_colors_info=\u00a0\u00bb{}\u00a0\u00bb][\/et_pb_image][et_pb_text _builder_version=\u00a0\u00bb4.15&Prime; global_colors_info=\u00a0\u00bb{}\u00a0\u00bb]Et si on parlait confiture\u2026[\/et_pb_text][et_pb_text _builder_version=\u00a0\u00bb4.15&Prime; global_colors_info=\u00a0\u00bb{}\u00a0\u00bb]<\/p>\n<p><strong>La confiture d\u2019Abricots parfum\u00e9e au romarin et\/ou au thym citronn\u00e9 :<\/strong><\/p>\n<p>\u2022 1 kg d\u2019abricots m\u00fbrs<br \/>\u2022 500 gr de sucre roux bio<br \/>\u2022 Cuire pendant 1h30 \u00e0 feu tr\u00e8s doux<br \/>(ajouter une branche de romarin 30 minutes<br \/>avant la fin de la cuisson)<\/p>\n<p>[\/et_pb_text][et_pb_text _builder_version=\u00a0\u00bb4.15&Prime; global_colors_info=\u00a0\u00bb{}\u00a0\u00bb]<\/p>\n<p>Et si on parlait Beaut\u00e9\u2026 pour redonner un coup d\u2019\u00e9clat \u00e0 votre peau\u2026<\/p>\n<p>[\/et_pb_text][et_pb_text _builder_version=\u00a0\u00bb4.15&Prime; global_colors_info=\u00a0\u00bb{}\u00a0\u00bb]<\/p>\n<p><strong>La recette du masque hydratant au yaourt et \u00e0 l\u2019abricot :<\/strong><\/p>\n<p>\u2022 Ecrasez 3 abricots bien m\u00fbrs<br \/>\u2022 M\u00e9langez avec 3 cuill\u00e8res \u00e0 soupe de yaourt<br \/>\u2022 Ajoutez un peu de jus de citron<br \/>\u2022 Appliquer ce m\u00e9lange sur une peau s\u00e8che et propre, et laissez agir une vingtaine de<br \/>minutes.<br \/>Effet bonne mine et peau de p\u00eache garantis<\/p>\n<p>[\/et_pb_text][\/et_pb_column][et_pb_column type=\u00a0\u00bb1_2&Prime; _builder_version=\u00a0\u00bb4.15&Prime; _module_preset=\u00a0\u00bbdefault\u00a0\u00bb global_colors_info=\u00a0\u00bb{}\u00a0\u00bb][et_pb_text _builder_version=\u00a0\u00bb4.15&Prime; global_colors_info=\u00a0\u00bb{}\u00a0\u00bb]<\/p>\n<p style=\"text-align: justify;\"><span style=\"font-size: medium;\"><strong>L&rsquo;abricot<\/strong><\/span><\/p>\n<p>L\u2019abricot est un fruit solaire et po\u00e9tique\u2026 avec ses jolies couleurs qui se d\u00e9clinent de l\u2019orange doux puis plus soutenu, presque rouge, ses rondeurs qui annoncent la texture charnue et douce de sa chair.<\/p>\n<p>Ce fruit originaire de Chine se retrouve sur tout le bassin m\u00e9diterran\u00e9en.<\/p>\n<p>Aujourd\u2019hui dans vos jardins, il fournit d\u2019excellentes propri\u00e9t\u00e9s et valeurs nutritionnelles (b\u00eata-carot\u00e8nes, vitamine A, fer, potassium, fibres\u2026).<\/p>\n<p>Il est recommand\u00e9 de consommer des abricots biologiques, sinon <strong>ils contiennent g\u00e9n\u00e9ralement de nombreux pesticides et autres substances chimiques sur leur peau.<\/strong><br \/>C\u2019est un aliment \u00ab coupe-faim \u00bb en mangeant 3 abricots, il est possible de calmer la fringale !!!<\/p>\n<p><strong>L\u2019abricot et ses bienfaits sur notre sant\u00e9 !<\/strong><\/p>\n<p><strong><\/strong><\/p>\n<ul>\n<li>Par sa pr\u00e9sence en b\u00eata-carot\u00e8nes il poss\u00e8de une action antioxydante importante qui aide \u00e0 rem\u00e9dier au vieillissement cellulaire caus\u00e9 par les radicaux libres. Ses antioxydants sont le meilleur moyen de pr\u00e9venir les maladies d\u00e9g\u00e9n\u00e9ratives.<\/li>\n<li>Il poss\u00e8de des effets anti-inflammatoires.<\/li>\n<li>Excellent ami pour les yeux en cas de d\u00e9g\u00e9n\u00e9rescence de la r\u00e9tine, la c\u00e9cit\u00e9 nocturne ou la perte de vision.<\/li>\n<li>Une teneur \u00e9lev\u00e9e en fer et en particulier dans les abricots d\u00e9shydrat\u00e9s, fait qu\u2019il est un excellent rem\u00e8de pour \u00e9viter<\/li>\n<li>l\u2019an\u00e9mie.<\/li>\n<li>Le potassium qu\u2019il contient aide \u00e0 soulager la r\u00e9tention d\u2019eau d\u2019o\u00f9 diminution des \u0153d\u00e8mes et de l\u2019hypertension art\u00e9rielle et r\u00e9duit les crampes dans les jambes.<\/li>\n<li>Favorise un bon transit intestinal et pr\u00e9vient la constipation.<\/li>\n<li>Equilibre le syst\u00e8me nerveux et calme les \u00e9tats de stress et d\u2019anxi\u00e9t\u00e9.<\/li>\n<li>R\u00e9gule les niveaux \u00e9lev\u00e9s de cholest\u00e9rol dans le sang.\n<\/li>\n<\/ul>\n<p>[\/et_pb_text][\/et_pb_column][\/et_pb_row][\/et_pb_section]<\/p>\n","protected":false},"excerpt":{"rendered":"<p>BLOG d&rsquo;AbdeljabbarLe Bien Etre c&rsquo;est aussi dans l&rsquo;assiette ! En\u00a0cette arri\u00e8re saison, le potager offre ses derni\u00e8res r\u00e9coltes de tomates. \u00a0Connaissez-vous les vertus de la tomate sur la sant\u00e9 ? Riche en fibres, en vitamines C, B\u00eata-carot\u00e8ne, min\u00e9raux ( fer, calcium, zinc, magn\u00e9sium ) et en lycop\u00e8ne qui donne sa couleur rouge,\u00a0 excellent anti-oxydant\u00a0pour pr\u00e9venir [&hellip;]<\/p>\n","protected":false},"author":1,"featured_media":0,"parent":0,"menu_order":0,"comment_status":"closed","ping_status":"closed","template":"","meta":{"_et_pb_use_builder":"on","_et_pb_old_content":"","_et_gb_content_width":"","footnotes":""},"class_list":["post-1210","page","type-page","status-publish","hentry"],"_links":{"self":[{"href":"https:\/\/bienveillance-active.com\/index.php\/wp-json\/wp\/v2\/pages\/1210"}],"collection":[{"href":"https:\/\/bienveillance-active.com\/index.php\/wp-json\/wp\/v2\/pages"}],"about":[{"href":"https:\/\/bienveillance-active.com\/index.php\/wp-json\/wp\/v2\/types\/page"}],"author":[{"embeddable":true,"href":"https:\/\/bienveillance-active.com\/index.php\/wp-json\/wp\/v2\/users\/1"}],"replies":[{"embeddable":true,"href":"https:\/\/bienveillance-active.com\/index.php\/wp-json\/wp\/v2\/comments?post=1210"}],"version-history":[{"count":24,"href":"https:\/\/bienveillance-active.com\/index.php\/wp-json\/wp\/v2\/pages\/1210\/revisions"}],"predecessor-version":[{"id":1647,"href":"https:\/\/bienveillance-active.com\/index.php\/wp-json\/wp\/v2\/pages\/1210\/revisions\/1647"}],"wp:attachment":[{"href":"https:\/\/bienveillance-active.com\/index.php\/wp-json\/wp\/v2\/media?parent=1210"}],"curies":[{"name":"wp","href":"https:\/\/api.w.org\/{rel}","templated":true}]}}